{"id":32099,"date":"2017-11-30T09:37:57","date_gmt":"2017-11-30T09:37:57","guid":{"rendered":"http:\/\/codex-themes.com\/thegem\/sites\/gym-fitness\/?page_id=443"},"modified":"2023-10-19T13:53:00","modified_gmt":"2023-10-19T13:53:00","slug":"homepage-02","status":"publish","type":"page","link":"https:\/\/drip-spa.koeln\/","title":{"rendered":"Homepage 02 (Demo)"},"content":{"rendered":"<section class=\"wpb-content-wrapper\"><p>[vc_row css=&#8221;.vc_custom_1550587297563{margin-bottom: 0px !important;padding-top: 120px !important;padding-bottom: 50px !important;}&#8221;][vc_column width=&#8221;1\/2&#8243; css_animation=&#8221;none&#8221;][vc_column_text css_animation=&#8221;bottom-to-top&#8221;]<\/p>\n<div class=\"title-xlarge title-h1\">Drip Spa<\/div>\n<p>[\/vc_column_text]<div class=\"clearboth\"><\/div><style>#thegem-divider-69d829490c1e9 {margin-top: -15px !important;}<\/style><div id=\"thegem-divider-69d829490c1e9\" class=\"gem-divider  \" style=\"\" ><\/div>[vc_column_text css_animation=&#8221;bottom-to-top&#8221;]<\/p>\n<div class=\"title-h2 title-xlarge\">By <img decoding=\"async\" class=\"alignnone wp-image-32155 size-full\" src=\"https:\/\/drip-spa.koeln\/wp-content\/uploads\/2023\/10\/hyalvomedwhiteklein.png\" alt=\"\" width=\"200\" height=\"59\" \/><\/div>\n<p>[\/vc_column_text]<div class=\"clearboth\"><\/div><style>#thegem-divider-69d829490c20c {margin-top: 50px !important;}<\/style><div id=\"thegem-divider-69d829490c20c\" class=\"gem-divider  \" style=\"\" ><\/div>[vc_column_text css_animation=&#8221;bottom-to-top&#8221;]<\/p>\n<div class=\"styled-subtitle\"><span style=\"color: #22242d;\">Starke Vitamine intraven\u00f6s wirken sofort und dauerhaft. W\u00e4hlen Sie den passenden Vitamincocktail aus und enstpannen Sie sich in unseren R\u00e4umen, w\u00e4hrend die geb\u00fcndelte Energie langsam in Ihre Adern tropft.<br \/>\n<\/span><\/div>\n<p>[\/vc_column_text]<div class=\"clearboth\"><\/div><style>#thegem-divider-69d829490c221 {margin-top: 35px !important;}<\/style><div id=\"thegem-divider-69d829490c221\" class=\"gem-divider  \" style=\"\" ><\/div>[vc_column_text css_animation=&#8221;bottom-to-top&#8221;]<\/p>\n<div class=\"styled-subtitle\"><span style=\"color: #22242d;\">Jeden Tag die volle Vitaminpower f\u00fcr Leistung, Frische und Wohlbefinden den ganzen langen Tag.<br \/>\n<\/span><\/div>\n<p>[\/vc_column_text]<div class=\"clearboth\"><\/div><style>#thegem-divider-69d829490c235 {margin-top: 50px !important;}<\/style><div id=\"thegem-divider-69d829490c235\" class=\"gem-divider  \" style=\"\" ><\/div>[\/vc_column][vc_column width=&#8221;1\/2&#8243; css_animation=&#8221;none&#8221;][vc_row_inner][vc_column_inner width=&#8221;1\/2&#8243;][vc_single_image image=&#8221;32161&#8243;][\/vc_column_inner][vc_column_inner width=&#8221;1\/2&#8243;][vc_column_text]<strong>Immunbooster<\/strong> &#8211; W\u00e4hlen Sie diese Infusion, um Ihr Immunsystem zu st\u00e4rken und Ihren K\u00f6rper vor Viren und Bakterien zu sch\u00fctzen. Besonders zur Winterzeit geeignet.<br \/>\n<em>Preis:\u00a0 129,- Euro<\/em>[\/vc_column_text][\/vc_column_inner][\/vc_row_inner][vc_row_inner][vc_column_inner width=&#8221;1\/2&#8243;][vc_single_image image=&#8221;32165&#8243;][\/vc_column_inner][vc_column_inner width=&#8221;1\/2&#8243;][vc_column_text]<strong>Anti Aging Infusion<\/strong> &#8211; W\u00e4hlen Sie diese Infusion, um Ihre Haut zu straffen, zu entgiften und allgemein j\u00fcnger auszusehen.[\/vc_column_text][\/vc_column_inner][\/vc_row_inner][vc_row_inner][vc_column_inner width=&#8221;1\/2&#8243;][vc_single_image image=&#8221;32183&#8243;][\/vc_column_inner][vc_column_inner width=&#8221;1\/2&#8243;][vc_column_text]<strong>Beauty Infusion<\/strong> &#8211; W\u00e4hlen Sie diese Infusion, um Sch\u00f6nheitsbehandlungen zu unterst\u00fctzen. Die Vitamine lassen Ihren K\u00f6rper schneller nach Behandlungen verheilen und Schwellungen schneller abklingen.<br \/>\n<em>Preis: 149,- Euro<\/em>[\/vc_column_text][\/vc_column_inner][\/vc_row_inner][vc_row_inner][vc_column_inner width=&#8221;1\/2&#8243;][vc_single_image image=&#8221;32180&#8243;][\/vc_column_inner][vc_column_inner width=&#8221;1\/2&#8243;][vc_column_text]<strong>Gewichtsverlust<\/strong> &#8211; W\u00e4hlen Sie diese Vitamininfusion zur Unterst\u00fctzung bei einer Di\u00e4t und f\u00fcr Schutz vor N\u00e4hrstoffmangel beim Abnehmen.[\/vc_column_text][\/vc_column_inner][\/vc_row_inner][vc_row_inner][vc_column_inner width=&#8221;1\/2&#8243;][vc_single_image image=&#8221;32167&#8243;][\/vc_column_inner][vc_column_inner width=&#8221;1\/2&#8243;][vc_column_text]<strong>T\u00e4gliche Vitamindosis<\/strong> &#8211; W\u00e4hlen Sie diese Infusion, um jeden Tag Ihre volle Kraft zur Verf\u00fcgung zu haben und damit Vitaminmangel Sie nicht ausbremsen kann. Ideal auch, um Drip-Spa das erste mal zu testen.[\/vc_column_text][\/vc_column_inner][\/vc_row_inner][\/vc_column][\/vc_row][vc_row css=&#8221;.vc_custom_1512633867214{margin-bottom: 0px !important;}&#8221;][vc_column]<div class=\"clearboth\"><\/div><style>#thegem-divider-69d829490c246 {margin-top: 105px !important;}<\/style><div id=\"thegem-divider-69d829490c246\" class=\"gem-divider  \" style=\"\" ><\/div>[vc_column_text css_animation=&#8221;bottom-to-top&#8221;]<\/p>\n<div class=\"dash\">\n<h3><span class=\"headline\">Drip Spa \u2013 Vitamininfusionen f\u00fcr Deinen K\u00f6rper<\/span><\/h3>\n<\/div>\n<div class=\"btClear btSeparator topExtraSmallSpaced noBorder\">\n<hr \/>\n<\/div>\n<div class=\"btText\">\n<picture><source srcset=\"https:\/\/hyalvomed.de\/wp-content\/webp-express\/webp-images\/uploads\/2023\/10\/vitamineai-160x160.png.webp 160w, https:\/\/hyalvomed.de\/wp-content\/webp-express\/webp-images\/uploads\/2023\/10\/vitamineai-320x320.png.webp 320w, https:\/\/hyalvomed.de\/wp-content\/webp-express\/webp-images\/uploads\/2023\/10\/vitamineai.png.webp 461w\" type=\"image\/webp\" sizes=\"(max-width: 160px) 100vw, 160px\" \/><img decoding=\"async\" class=\"size-thumbnail wp-image-2377 alignright webpexpress-processed\" src=\"https:\/\/hyalvomed.de\/wp-content\/uploads\/2023\/10\/vitamineai-160x160.png\" sizes=\"(max-width: 160px) 100vw, 160px\" srcset=\"https:\/\/hyalvomed.de\/wp-content\/uploads\/2023\/10\/vitamineai-160x160.png 160w, https:\/\/hyalvomed.de\/wp-content\/uploads\/2023\/10\/vitamineai-320x320.png 320w, https:\/\/hyalvomed.de\/wp-content\/uploads\/2023\/10\/vitamineai.png 461w\" alt=\"\" width=\"160\" height=\"160\" \/><\/picture>Der neueste Trend in der Sch\u00f6nheitsbranche erfordert zwar keine Operation, aber dennoch wird man mit einer Nadel gestochen. Drip Spas sind Infusionen, die den K\u00f6rper mit einem hochkonzentrierten Vitamin-Cocktail individuell versorgen. Der Clou: Im Gegensatz zu Nahrungserg\u00e4nzungsmitteln, die durch das Verdauungssystem verarbeitet werden m\u00fcssen, gelangen die Wirkstoffe \u00fcber den Drip direkt ins Blut.<\/p>\n<h3>Mehr als nur ein vor\u00fcbergehender Trend<\/h3>\n<p>Dieser aus den USA stammende Trend gewinnt auch in Deutschland immer mehr an Beliebtheit. Dabei sind Drip Spas keineswegs neu. In der Medizin haben Infusionen schon lange einen hohen Stellenwert. Urspr\u00fcnglich zur St\u00e4rkung des Immunsystems nach Chemotherapien eingesetzt, werden Infusionen heute in verschiedensten Bereichen genutzt, um den Vitaminhaushalt auf schnellstem Weg wieder ins Gleichgewicht zu bringen.<\/p>\n<p>Heutzutage kann man ein Drip-Men\u00fc eher mit einer Cocktail-Karte vergleichen. Welche Wirkstoffe letztendlich in der Kochsalzl\u00f6sung enthalten sind, h\u00e4ngt von den individuellen Bed\u00fcrfnissen ab.<\/p>\n<h3>Sch\u00f6ner, fitter, schlanker<\/h3>\n<p>Das speziell f\u00fcr Hyalvomed entwickelte Drip Spa bietet f\u00fcnf verschiedene Infusionsmischungen an. So st\u00e4rken beispielsweise Vitamin C und Zink das k\u00f6rpereigene Immunsystem, Coenzym Q10 und Taurin mindern Ersch\u00f6pfungszust\u00e4nde und die Vitamine A, C und E sowie Silicium kr\u00e4ftigen Haare und N\u00e4gel. Auch der Fettabbau kann durch die Vitamine B6 und B12 sowie L-Carnitin und Magnesium gef\u00f6rdert werden.<\/p>\n<h3><picture><source srcset=\"https:\/\/hyalvomed.de\/wp-content\/webp-express\/webp-images\/uploads\/2023\/10\/dripspaai.png.webp 461w, https:\/\/hyalvomed.de\/wp-content\/webp-express\/webp-images\/uploads\/2023\/10\/dripspaai-320x320.png.webp 320w, https:\/\/hyalvomed.de\/wp-content\/webp-express\/webp-images\/uploads\/2023\/10\/dripspaai-160x160.png.webp 160w\" type=\"image\/webp\" sizes=\"(max-width: 461px) 100vw, 461px\" \/><img decoding=\"async\" class=\"aligncenter wp-image-2382 size-full webpexpress-processed\" src=\"https:\/\/hyalvomed.de\/wp-content\/uploads\/2023\/10\/dripspaai.png\" sizes=\"(max-width: 461px) 100vw, 461px\" srcset=\"https:\/\/hyalvomed.de\/wp-content\/uploads\/2023\/10\/dripspaai.png 461w, https:\/\/hyalvomed.de\/wp-content\/uploads\/2023\/10\/dripspaai-320x320.png 320w, https:\/\/hyalvomed.de\/wp-content\/uploads\/2023\/10\/dripspaai-160x160.png 160w\" alt=\"\" width=\"461\" height=\"461\" \/><\/picture><\/h3>\n<h3>Ablauf<\/h3>\n<p>Vor dem Setzen der ersten Nadel findet eine umfassende Anamnese statt. Nur so kann die individuell passende Infusion ausgew\u00e4hlt werden. Die Sitzung selbst dauert etwa 30 bis 45 Minuten. Obwohl sich bereits nach einer Infusion ein positiver Effekt bemerkbar macht, wird f\u00fcr ein dauerhaftes Ergebnis mindestens einmal im Jahr eine Kur von insgesamt acht Anwendungen innerhalb von vier Wochen empfohlen.<\/p>\n<\/div>\n<p>[\/vc_column_text][\/vc_column][\/vc_row]<\/p>\n<\/section>","protected":false},"excerpt":{"rendered":"<p>[vc_row css=&#8221;.vc_custom_1550587297563{margin-bottom: 0px !important;padding-top: 120px !important;padding-bottom: 50px !important;}&#8221;][vc_column width=&#8221;1\/2&#8243; css_animation=&#8221;none&#8221;][vc_column_text css_animation=&#8221;bottom-to-top&#8221;] Drip Spa [\/vc_column_text][vc_column_text css_animation=&#8221;bottom-to-top&#8221;] By [\/vc_column_text][vc_column_text css_animation=&#8221;bottom-to-top&#8221;] Starke Vitamine&#8230;<\/p>\n","protected":false},"author":1,"featured_media":0,"parent":976,"menu_order":0,"comment_status":"closed","ping_status":"closed","template":"","meta":{"footnotes":""},"class_list":["post-32099","page","type-page","status-publish"],"_links":{"self":[{"href":"https:\/\/drip-spa.koeln\/index.php\/wp-json\/wp\/v2\/pages\/32099","targetHints":{"allow":["GET"]}}],"collection":[{"href":"https:\/\/drip-spa.koeln\/index.php\/wp-json\/wp\/v2\/pages"}],"about":[{"href":"https:\/\/drip-spa.koeln\/index.php\/wp-json\/wp\/v2\/types\/page"}],"author":[{"embeddable":true,"href":"https:\/\/drip-spa.koeln\/index.php\/wp-json\/wp\/v2\/users\/1"}],"replies":[{"embeddable":true,"href":"https:\/\/drip-spa.koeln\/index.php\/wp-json\/wp\/v2\/comments?post=32099"}],"version-history":[{"count":24,"href":"https:\/\/drip-spa.koeln\/index.php\/wp-json\/wp\/v2\/pages\/32099\/revisions"}],"predecessor-version":[{"id":32191,"href":"https:\/\/drip-spa.koeln\/index.php\/wp-json\/wp\/v2\/pages\/32099\/revisions\/32191"}],"up":[{"embeddable":true,"href":"https:\/\/drip-spa.koeln\/index.php\/wp-json\/wp\/v2\/pages\/976"}],"wp:attachment":[{"href":"https:\/\/drip-spa.koeln\/index.php\/wp-json\/wp\/v2\/media?parent=32099"}],"curies":[{"name":"wp","href":"https:\/\/api.w.org\/{rel}","templated":true}]}}